{"id":9,"date":"2022-04-12T14:01:08","date_gmt":"2022-04-12T12:01:08","guid":{"rendered":"http:\/\/miechucino.pl\/?page_id=9"},"modified":"2025-04-30T09:34:24","modified_gmt":"2025-04-30T07:34:24","slug":"informacje","status":"publish","type":"page","link":"http:\/\/miechucino.pl\/index.php\/informacje\/","title":{"rendered":"Oferta"},"content":{"rendered":"\n<h2 class=\"wp-block-heading\"><\/h2>\n\n\n\n<p><strong>Naprawa silnik\u00f3w<\/strong><\/p>\n\n\n\n<ul class=\"wp-block-list\">\n<li>wymiana uszczelek pod g\u0142owic\u0105<\/li>\n\n\n\n<li>sprawdzanie na obecno\u015b\u0107 CO2 w p\u0142ynie ch\u0142odniczym<\/li>\n\n\n\n<li>planowanie g\u0142owicy<\/li>\n\n\n\n<li>sprawdzanie kompresji silnika<\/li>\n\n\n\n<li>wymiana pier\u015bcieni t\u0142okowych<\/li>\n\n\n\n<li>remonty kompletne<\/li>\n\n\n\n<li>wymiana silnika \/ swap<\/li>\n\n\n\n<li>naprawa \/ swap pomp oleju <\/li>\n<\/ul>\n\n\n\n<p><strong>Uk\u0142ady rozrz\u0105du<\/strong><\/p>\n\n\n\n<ul class=\"wp-block-list\">\n<li>wymiana pask\u00f3w<\/li>\n\n\n\n<li>rolek napinaczy<\/li>\n\n\n\n<li>wymiana pomp wodnych<\/li>\n\n\n\n<li>regulacja i komputerowe sprawdzanie ustawie\u0144<\/li>\n<\/ul>\n\n\n\n<p><strong>Uk\u0142ad wydechowy<\/strong><\/p>\n\n\n\n<ul class=\"wp-block-list\">\n<li>wymiana t\u0142umik\u00f3w<\/li>\n\n\n\n<li>katalizator\u00f3w<\/li>\n\n\n\n<li>element\u00f3w elastycznych<\/li>\n\n\n\n<li>diagnostyka i wymiana sond lambda, czujnik\u00f3w DPF<\/li>\n<\/ul>\n\n\n\n<p><strong>Sprz\u0119g\u0142a<\/strong><\/p>\n\n\n\n<ul class=\"wp-block-list\">\n<li>wymiana tarcz<\/li>\n\n\n\n<li>docisk\u00f3w<\/li>\n\n\n\n<li>\u0142o\u017cysk oporowych i wysprz\u0119glik\u00f3w<\/li>\n\n\n\n<li>wymiana\u00a0k\u00f3\u0142 dwumasowych<\/li>\n<\/ul>\n\n\n\n<p><strong>Uk\u0142ad ch\u0142odzenia<\/strong><\/p>\n\n\n\n<ul class=\"wp-block-list\">\n<li>wymiana ch\u0142odnic<\/li>\n\n\n\n<li>termostat\u00f3w<\/li>\n\n\n\n<li>pomp wody<\/li>\n\n\n\n<li>nagrzewnic<\/li>\n<\/ul>\n\n\n\n<p><strong>Zawieszenie<\/strong><\/p>\n\n\n\n<ul class=\"wp-block-list\">\n<li>uk\u0142ad kierowniczy<\/li>\n\n\n\n<li>wymiana amortyzator\u00f3w<\/li>\n\n\n\n<li>dr\u0105\u017ck\u00f3w stabilizatora<\/li>\n\n\n\n<li>wahaczy<\/li>\n\n\n\n<li>ko\u0144c\u00f3wek kierowniczych<\/li>\n\n\n\n<li>naprawa maglownic<\/li>\n\n\n\n<li>wymiana mieszk\u00f3w przegub\u00f3w<\/li>\n<\/ul>\n\n\n\n<p><strong>Uk\u0142ad hamulcowy<\/strong><\/p>\n\n\n\n<ul class=\"wp-block-list\">\n<li>Diagnostyka hamulc\u00f3w<\/li>\n\n\n\n<li>Naprawa zacisk\u00f3w<\/li>\n\n\n\n<li>Wymiana tarcz i klock\u00f3w hamulcowych<\/li>\n\n\n\n<li>Wymiana b\u0119bn\u00f3w i szcz\u0119k hamulcowych<\/li>\n\n\n\n<li>Regulacja i odpowietrzanie uk\u0142adu hamulcowego<\/li>\n\n\n\n<li>Wymiana p\u0142ynu hamulcowego<\/li>\n\n\n\n<li>Zarabianie nowych przewod\u00f3w hamulcowych<\/li>\n<\/ul>\n\n\n\n<p><strong>Uk\u0142ad klimatyzacji<\/strong><\/p>\n\n\n\n<ul class=\"wp-block-list\">\n<li>naprawa nieszczelno\u015bci<\/li>\n\n\n\n<li>wymiana spr\u0119\u017carek, skraplaczy, osuszaczy, sprz\u0119gie\u0142 i zawor\u00f3w<\/li>\n\n\n\n<li>nape\u0142nianie, uzupe\u0142nianie klimatyzacji<\/li>\n\n\n\n<li>ozonowanie, odgrzybianie, wymiana filtr\u00f3w<\/li>\n\n\n\n<li>diagnostyka nieszczelno\u015bci UV, azot<\/li>\n\n\n\n<li>spawanie przewod\u00f3w klimatyzacji<\/li>\n\n\n\n<li>naprawa po\u0142\u0105cze\u0144 gumowych, elastycznych<\/li>\n<\/ul>\n\n\n\n<p>&nbsp;<strong>Wulkanizacja<\/strong><\/p>\n\n\n\n<ul class=\"wp-block-list\">\n<li>naprawa opon<\/li>\n\n\n\n<li>wymiana opon<\/li>\n\n\n\n<li>przek\u0142adki k\u00f3\u0142<\/li>\n\n\n\n<li>wywa\u017canie<\/li>\n<\/ul>\n\n\n\n<p><strong>Elektryka i elektronika<\/strong><\/p>\n\n\n\n<ul class=\"wp-block-list\">\n<li>diagnostyka komputerowa<\/li>\n\n\n\n<li>naprawa alternator\u00f3w<\/li>\n\n\n\n<li>naprawa rozrusznik\u00f3w<\/li>\n\n\n\n<li>naprawa modu\u0142\u00f3w<\/li>\n\n\n\n<li>programowanie sterownik\u00f3w<\/li>\n\n\n\n<li>elektronika\u00a0<\/li>\n\n\n\n<li>programowanie pilot\u00f3w<\/li>\n\n\n\n<li>naprawa pilot\u00f3w<\/li>\n\n\n\n<li>Car Audio<\/li>\n\n\n\n<li>Immobilizery<\/li>\n\n\n\n<li>Auto alarmy<\/li>\n\n\n\n<li>Czujniki parkowania<\/li>\n\n\n\n<li>Kamery cofania<\/li>\n\n\n\n<li>GPS lokalizacja<\/li>\n<\/ul>\n","protected":false},"excerpt":{"rendered":"<p>Naprawa silnik\u00f3w Uk\u0142ady rozrz\u0105du Uk\u0142ad wydechowy Sprz\u0119g\u0142a Uk\u0142ad ch\u0142odzenia Zawieszenie Uk\u0142ad hamulcowy Uk\u0142ad klimatyzacji &nbsp;Wulkanizacja Elektryka i elektronika<\/p>\n","protected":false},"author":1,"featured_media":37,"parent":0,"menu_order":0,"comment_status":"closed","ping_status":"closed","template":"","meta":{"footnotes":""},"class_list":["post-9","page","type-page","status-publish","has-post-thumbnail","hentry"],"_links":{"self":[{"href":"http:\/\/miechucino.pl\/index.php\/wp-json\/wp\/v2\/pages\/9","targetHints":{"allow":["GET"]}}],"collection":[{"href":"http:\/\/miechucino.pl\/index.php\/wp-json\/wp\/v2\/pages"}],"about":[{"href":"http:\/\/miechucino.pl\/index.php\/wp-json\/wp\/v2\/types\/page"}],"author":[{"embeddable":true,"href":"http:\/\/miechucino.pl\/index.php\/wp-json\/wp\/v2\/users\/1"}],"replies":[{"embeddable":true,"href":"http:\/\/miechucino.pl\/index.php\/wp-json\/wp\/v2\/comments?post=9"}],"version-history":[{"count":6,"href":"http:\/\/miechucino.pl\/index.php\/wp-json\/wp\/v2\/pages\/9\/revisions"}],"predecessor-version":[{"id":85,"href":"http:\/\/miechucino.pl\/index.php\/wp-json\/wp\/v2\/pages\/9\/revisions\/85"}],"wp:featuredmedia":[{"embeddable":true,"href":"http:\/\/miechucino.pl\/index.php\/wp-json\/wp\/v2\/media\/37"}],"wp:attachment":[{"href":"http:\/\/miechucino.pl\/index.php\/wp-json\/wp\/v2\/media?parent=9"}],"curies":[{"name":"wp","href":"https:\/\/api.w.org\/{rel}","templated":true}]}}