{"id":8,"date":"2022-04-12T14:01:08","date_gmt":"2022-04-12T12:01:08","guid":{"rendered":"http:\/\/miechucino.pl\/?page_id=8"},"modified":"2022-04-12T14:10:34","modified_gmt":"2022-04-12T12:10:34","slug":"strona-glowna","status":"publish","type":"page","link":"https:\/\/miechucino.pl\/","title":{"rendered":"O Nas"},"content":{"rendered":"\n<p>Samochody to nasza pasja, kt\u00f3r\u0105 chcemy dzieli\u0107 si\u0119 z klientami. Do powierzonych napraw podchodzimy w spos\u00f3b profesjonalny i rzetelny, dbaj\u0105c o ka\u017cdy szczeg\u00f3\u0142. Twoja satysfakcja jest naszym nadrz\u0119dnym celem. Wachlarz us\u0142ug, kt\u00f3re wykonujemy w naszym serwisie jest bardzo szeroki \u2013 mechanika samochodowa, wymiana opon, obs\u0142uga klimatyzacja, to tylko niekt\u00f3re z nich. Szczeg\u00f3\u0142owy wykaz znajdziesz w zak\u0142adce obok.<\/p>\n\n\n\n<p>Mechanicy, kt\u00f3rzy pracuj\u0105 w naszym warsztacie, to wysoko wyspecjalizowana kadra specjalist\u00f3w, otwarta na potrzeby klient\u00f3w. Do ka\u017cdej naprawy podchodzimy w spos\u00f3b indywidualny, dopasowuj\u0105c rozwi\u0105zania do oczekiwa\u0144 i mo\u017cliwo\u015bci finansowych naszych klient\u00f3w. Zach\u0119camy do poznania nas bli\u017cej.<\/p>\n","protected":false},"excerpt":{"rendered":"<p>Samochody to nasza pasja, kt\u00f3r\u0105 chcemy dzieli\u0107 si\u0119 z klientami. Do powierzonych napraw podchodzimy w spos\u00f3b profesjonalny i rzetelny, dbaj\u0105c o ka\u017cdy szczeg\u00f3\u0142. Twoja satysfakcja jest naszym nadrz\u0119dnym celem. Wachlarz us\u0142ug, kt\u00f3re wykonujemy w naszym serwisie jest bardzo szeroki \u2013 mechanika samochodowa, wymiana opon, obs\u0142uga klimatyzacja, to tylko niekt\u00f3re z nich. Szczeg\u00f3\u0142owy wykaz znajdziesz w &hellip; <\/p>\n<p class=\"link-more\"><a href=\"https:\/\/miechucino.pl\/\" class=\"more-link\">Czytaj dalej<span class=\"screen-reader-text\"> \u201eO Nas\u201d<\/span><\/a><\/p>\n","protected":false},"author":1,"featured_media":0,"parent":0,"menu_order":0,"comment_status":"closed","ping_status":"closed","template":"","meta":{"footnotes":""},"class_list":["post-8","page","type-page","status-publish","hentry"],"_links":{"self":[{"href":"https:\/\/miechucino.pl\/index.php\/wp-json\/wp\/v2\/pages\/8","targetHints":{"allow":["GET"]}}],"collection":[{"href":"https:\/\/miechucino.pl\/index.php\/wp-json\/wp\/v2\/pages"}],"about":[{"href":"https:\/\/miechucino.pl\/index.php\/wp-json\/wp\/v2\/types\/page"}],"author":[{"embeddable":true,"href":"https:\/\/miechucino.pl\/index.php\/wp-json\/wp\/v2\/users\/1"}],"replies":[{"embeddable":true,"href":"https:\/\/miechucino.pl\/index.php\/wp-json\/wp\/v2\/comments?post=8"}],"version-history":[{"count":3,"href":"https:\/\/miechucino.pl\/index.php\/wp-json\/wp\/v2\/pages\/8\/revisions"}],"predecessor-version":[{"id":42,"href":"https:\/\/miechucino.pl\/index.php\/wp-json\/wp\/v2\/pages\/8\/revisions\/42"}],"wp:attachment":[{"href":"https:\/\/miechucino.pl\/index.php\/wp-json\/wp\/v2\/media?parent=8"}],"curies":[{"name":"wp","href":"https:\/\/api.w.org\/{rel}","templated":true}]}}